{"id":5167,"date":"2023-08-21T16:30:08","date_gmt":"2023-08-21T16:30:08","guid":{"rendered":"https:\/\/dev.enapterag.de\/ad-hoc\/ad-hoc-releases-and-mandatory-publications-2022\/"},"modified":"2023-08-23T10:19:59","modified_gmt":"2023-08-23T10:19:59","slug":"ad-hoc-2022","status":"publish","type":"page","link":"https:\/\/enapterag.de\/en\/ad-hoc\/ad-hoc-2022\/","title":{"rendered":"Ad-hoc releases and mandatory publications 2022"},"content":{"rendered":"\n<div class=\"wp-block-uagb-container uagb-block-319737e4 alignfull uagb-is-root-container\"><div class=\"uagb-container-inner-blocks-wrap\">\n<div class=\"wp-block-uagb-advanced-heading uagb-block-730f159e\"><h3 class=\"uagb-heading-text\">Ad-hoc releases and mandatory publications  2022<\/h3><\/div>\n<\/div><\/div>\n\n\n\n<div class=\"wp-block-uagb-container uagb-block-b8b2c9cf alignfull uagb-is-root-container\">\n<div class=\"wp-block-uagb-container uagb-block-f3459f71\">\n<div class=\"wp-block-uagb-faq uagb-faq__outer-wrap uagb-block-6ff4b583 uagb-faq-icon-row-reverse uagb-faq-layout-accordion uagb-faq-expand-first-true uagb-faq-inactive-other-true uagb-faq__wrap uagb-buttons-layout-wrap uagb-faq-equal-height\" data-faqtoggle=\"false\" role=\"tablist\">\n<div class=\"wp-block-uagb-faq-child uagb-faq-child__outer-wrap uagb-faq-item uagb-block-9228fc7a\" role=\"tab\" tabindex=\"0\"><div class=\"uagb-faq-questions-button uagb-faq-questions\"><span class=\"uagb-icon uagb-faq-icon-wrap\"><svg xmlns=\"https:\/\/www.w3.org\/2000\/svg\" viewBox=\"0 0 448 512\"><path d=\"M432 256c0 17.69-14.33 32.01-32 32.01H256v144c0 17.69-14.33 31.99-32 31.99s-32-14.3-32-31.99v-144H48c-17.67 0-32-14.32-32-32.01s14.33-31.99 32-31.99H192v-144c0-17.69 14.33-32.01 32-32.01s32 14.32 32 32.01v144h144C417.7 224 432 238.3 432 256z\"><\/path><\/svg><\/span><span class=\"uagb-icon-active uagb-faq-icon-wrap\"><svg xmlns=\"https:\/\/www.w3.org\/2000\/svg\" viewBox=\"0 0 448 512\"><path d=\"M400 288h-352c-17.69 0-32-14.32-32-32.01s14.31-31.99 32-31.99h352c17.69 0 32 14.3 32 31.99S417.7 288 400 288z\"><\/path><\/svg><\/span><span class=\"uagb-question\">Ad-hoc releases<\/span><\/div><p class=\"uagb-faq-content\">08.12.2022<br>Publication of inside information pursuant to Article 17 MAR<br><a href=\"https:\/\/enapterag.de\/wp-content\/uploads\/2023\/08\/Earnings-forecast-2023.pdf\">Earnings forecast 2023<\/a><br><br>22.07.2022<br>Publication of inside information pursuant to Article 17 MAR<br><a href=\"https:\/\/enapterag.de\/wp-content\/uploads\/2023\/08\/Enapter-AG-ENG.pdf\">Enapter AG adjusts earnings forecast for fiscal year 2022<\/a><br><br>25.05.2022<br>Publication of inside information pursuant to Article 17 MAR<br><a href=\"https:\/\/enapterag.de\/wp-content\/uploads\/2023\/08\/220525_Adhoc_JM_EN_final.pdf\">Conclusion of an investment agreement and a cooperation agreement with Johnson Matthey<\/a><br><br>07.04.2022<br>Publication of inside information pursuant to Article 17 MAR<br><a href=\"https:\/\/enapterag.de\/wp-content\/uploads\/2023\/08\/220407_Adhoc_Pricing_english.pdf\">Capital increase from authorized capital with successfully completed pre-placement<\/a><a href=\"https:\/\/eur04.safelinks.protection.outlook.com\/?url=https%3A%2F%2Fenapterag.de%2Fwp-content%2Fuploads%2F2023%2F08%2F220407_Adhoc_Pricing_deutsch.pdf&amp;data=05%7C01%7Cjbenz%40enapter.com%7Cfff0f3e6dd8d46729db908dba2e7805a%7C2c749ed84f7f4cf0a8c4f6422dcb722d%7C0%7C0%7C638282887393518119%7CUnknown%7CTWFpbGZsb3d8eyJWIjoiMC4wLjAwMDAiLCJQIjoiV2luMzIiLCJBTiI6Ik1haWwiLCJXVCI6Mn0%3D%7C3000%7C%7C%7C&amp;sdata=a00Yi9Y3837ZbfmEpQh4QpVY8mDZkKQC6unaJpQJeTw%3D&amp;reserved=0\" data-type=\"link\" data-id=\"https:\/\/eur04.safelinks.protection.outlook.com\/?url=https%3A%2F%2Fenapterag.de%2Fwp-content%2Fuploads%2F2023%2F08%2F220407_Adhoc_Pricing_deutsch.pdf&amp;data=05%7C01%7Cjbenz%40enapter.com%7Cfff0f3e6dd8d46729db908dba2e7805a%7C2c749ed84f7f4cf0a8c4f6422dcb722d%7C0%7C0%7C638282887393518119%7CUnknown%7CTWFpbGZsb3d8eyJWIjoiMC4wLjAwMDAiLCJQIjoiV2luMzIiLCJBTiI6Ik1haWwiLCJXVCI6Mn0%3D%7C3000%7C%7C%7C&amp;sdata=a00Yi9Y3837ZbfmEpQh4QpVY8mDZkKQC6unaJpQJeTw%3D&amp;reserved=0\"><br><\/a><br>06.04.2022<br>Publication of inside information pursuant to Article 17 MAR<br><a href=\"https:\/\/enapterag.de\/wp-content\/uploads\/2023\/08\/220406_AdhocLaunch_ENG.pdf\">Announcement of capital increase<\/a><br><br>01.03.2022<br>Publication of inside information pursuant to Article 17 MAR<br><a href=\"https:\/\/enapterag.de\/wp-content\/uploads\/2023\/08\/2022-03-01_StrategicInvestorEN.pdf\">Enapter AG negotiates with strategic investors<\/a><br><br>26.01.2022<br>Publication of inside information pursuant to Article 17 MAR<br><a href=\"https:\/\/enapterag.de\/wp-content\/uploads\/2023\/08\/2022-01-26-Enapter-AG-publishes-preliminary-figures-for-financial-year-2021.pdf\">Preliminary annual result as of 31.12.2021<\/a><\/p><\/div>\n<\/div>\n<\/div>\n\n\n\n<div class=\"wp-block-uagb-container uagb-block-02f96a24\">\n<div class=\"wp-block-uagb-faq uagb-faq__outer-wrap uagb-block-47dc558e uagb-faq-icon-row-reverse uagb-faq-layout-accordion uagb-faq-expand-first-true uagb-faq-inactive-other-true uagb-faq__wrap uagb-buttons-layout-wrap uagb-faq-equal-height\" data-faqtoggle=\"false\" role=\"tablist\">\n<div class=\"wp-block-uagb-faq-child uagb-faq-child__outer-wrap uagb-faq-item uagb-block-2842866b\" role=\"tab\" tabindex=\"0\"><div class=\"uagb-faq-questions-button uagb-faq-questions\"><span class=\"uagb-icon uagb-faq-icon-wrap\"><svg xmlns=\"https:\/\/www.w3.org\/2000\/svg\" viewBox=\"0 0 448 512\"><path d=\"M432 256c0 17.69-14.33 32.01-32 32.01H256v144c0 17.69-14.33 31.99-32 31.99s-32-14.3-32-31.99v-144H48c-17.67 0-32-14.32-32-32.01s14.33-31.99 32-31.99H192v-144c0-17.69 14.33-32.01 32-32.01s32 14.32 32 32.01v144h144C417.7 224 432 238.3 432 256z\"><\/path><\/svg><\/span><span class=\"uagb-icon-active uagb-faq-icon-wrap\"><svg xmlns=\"https:\/\/www.w3.org\/2000\/svg\" viewBox=\"0 0 448 512\"><path d=\"M400 288h-352c-17.69 0-32-14.32-32-32.01s14.31-31.99 32-31.99h352c17.69 0 32 14.3 32 31.99S417.7 288 400 288z\"><\/path><\/svg><\/span><span class=\"uagb-question\">Other mandatory publications<\/span><\/div><p class=\"uagb-faq-content\">27.12.2022<br>Proprietary trading by executives pursuant to Article 19 MAR<br><a href=\"https:\/\/www.enapterag.de\/wp-content\/uploads\/2022\/12\/2022-12-27-EQS_DD_Bond_Settlement_BluGreen.pdf\">Notification on proprietary trading by pursuant to Art. 19 MAR<\/a><br><br>09.12.2022<br>Proprietary trading by executives pursuant to Article 19 MAR<br><a href=\"https:\/\/www.enapterag.de\/wp-content\/uploads\/2022\/12\/2022-12-09-EQS-DD-Settlement.pdf\">Notification on proprietary trading by executives pursuant to Art. 19 MAR<\/a><br><br>29.09.2022<br>Proprietary trading by executives pursuant to Article 19 MAR<br><a href=\"https:\/\/www.enapterag.de\/wp-content\/uploads\/2022\/09\/2022-09-29-DD_EQS.pdf\">Notification on proprietary trading by executives pursuant to Art. 19 MAR<\/a><br><br>29.08.2022<br>Preliminary announcement pursuant to sections 114-117 of the German Securities Trading Act (WpHG)<br><a rel=\"noreferrer noopener\" href=\"https:\/\/www.enapterag.de\/wp-content\/uploads\/2022\/08\/2022-08-29_Enapter_publication-HFY-2022_Eng.pdf\" target=\"_blank\">Preliminary announcement on the publication of financial reports pursuant to sections 114-117 of the German Securities Trading Act (WpHG)<\/a><br><br>29.08.2022<br>Release according to Article 40, Section 1 of the WpHG<br><a href=\"https:\/\/www.enapterag.de\/wp-content\/uploads\/2022\/08\/NotificationOfMajorHoldings_24158569.pdf\">Release according to Article 40, Section 1 of the WpHG<\/a><br><br>29.08.2022<br>Release according to Article 40, Section 1 of the WpHG<br><a href=\"https:\/\/www.enapterag.de\/wp-content\/uploads\/2022\/08\/NotificationOfMajorHoldings_24159173-1.pdf\">Release according to Article 40, Section 1 of the WpHG<\/a><br><br>15.08.2022<br>Release according to Article 40, Section 1 of the WpHG<br><a href=\"https:\/\/www.enapterag.de\/wp-content\/uploads\/2022\/08\/2022-08-15-Stimmrechtsmeldung_mwb-fairtrade-Wertpapierhandelsbank-AG.pdf\">Release according to Article 40, Section 1 of the WpHG<\/a><br><br>10.08.2022<br>Publication according to \u00a7 41 WpHG<br><a rel=\"noreferrer noopener\" href=\"https:\/\/www.enapterag.de\/wp-content\/uploads\/2022\/08\/2022-08-10-Gesamtstimmrechte-41WpHG_EN.pdf\" target=\"_blank\">Publication of total voting rights<\/a><br><br>13.07.2022<br>Proprietary trading by executives pursuant to Article 19 MAR<br><a href=\"https:\/\/www.enapterag.de\/wp-content\/uploads\/2022\/07\/220713-EQS_Veroeffentlichung.pdf\">Notification on proprietary trading by executives pursuant to Art. 19 MAR<\/a><br><br>28.06.2022<br>Proprietary trading by executives pursuant to Article 19 MAR<br><a href=\"https:\/\/www.enapterag.de\/wp-content\/uploads\/2022\/06\/EQS_Mar19_Schmidt.pdf\">Notification on proprietary trading by executives pursuant to Art. 19 MAR<\/a><br><br>28.06.2022<br>Proprietary trading by executives pursuant to Article 19 MAR<br><a href=\"https:\/\/www.enapterag.de\/wp-content\/uploads\/2022\/06\/EQS_BluGreen_Freitext.pdf\">Notification on proprietary trading by executives pursuant to Art. 19 MAR<\/a><br><br>27.05.2022<br>Release according to Article 40, Section 1 of the WpHG<br><a href=\"https:\/\/www.enapterag.de\/wp-content\/uploads\/2022\/05\/2022-05-27-EQS_Stimmrechtsmitteilung_JM.pdf\">Release according to Article 40, Section 1 of the WpHG<\/a><br><br>27.05.2022<br>Release according to Article 40, Section 1 of the WpHG<br><a href=\"https:\/\/www.enapterag.de\/wp-content\/uploads\/2022\/05\/2022-05-27-EQS_Stimmrechtsmeldung_mwb.pdf\">Release according to Article 40, Section 1 of the WpHG<\/a><br><br>28.04.2022<br>Vorabbekanntmachung gem\u00e4\u00df \u00a7\u00a7114 \u2013 117 WpHG<br><a rel=\"noreferrer noopener\" href=\"https:\/\/www.enapterag.de\/wp-content\/uploads\/2022\/04\/2022-04-28_Enapter_Vorabbekanntmachung_JA-2021-1.pdf\" target=\"_blank\">Vorabbekanntmachung \u00fcber die Ver\u00f6ffentlichung von Finanzberichten gem\u00e4\u00df \u00a7114 \u2013 117 WpHG<\/a><br><br>11.04.2022<br>Release according to Article 40, Section 1 of the WpHG<br><a href=\"https:\/\/www.enapterag.de\/wp-content\/uploads\/2022\/04\/EQS-SJS.pdf\">Release according to Article 40, Section 1 of the WpHG<\/a><br><br>11.04.2022<br>Release according to Article 40, Section 1 of the WpHG<br><a href=\"https:\/\/www.enapterag.de\/wp-content\/uploads\/2022\/04\/EQS-msw.pdf\">Release according to Article 40, Section 1 of the WpHG<\/a><br><br>07.03.2022<br>Proprietary trading by executives pursuant to Article 19 MAR<br><a href=\"https:\/\/www.enapterag.de\/wp-content\/uploads\/2022\/03\/2022-03-07-EQS_DD_SJS.pdf\">Notifiaction on proprietary trading by executives pursuant to Art. 19 MAR<\/a><br><br>04.03.2022<br>Proprietary trading by executives pursuant to Article 19 MAR<br><a href=\"https:\/\/www.enapterag.de\/wp-content\/uploads\/2022\/03\/EQS_DD-SJS.pdf\">Notifiaction on proprietary trading by executives pursuant to Art. 19 MAR<\/a><br><br>02.03.2022<br>Proprietary trading by executives pursuant to Article 19 MAR<br><a href=\"https:\/\/www.enapterag.de\/wp-content\/uploads\/2022\/03\/DD-BluGreen_EQS.pdf\">Notifaction on proprietary trading by executives pursuant to Art. 19 MAR<\/a><\/p><\/div>\n<\/div>\n<\/div>\n<\/div>\n\n\n\n<p><\/p>\n\n\n\n<p><\/p>\n","protected":false},"excerpt":{"rendered":"<p>Ad-hoc releases and mandatory publications 2022<\/p>\n","protected":false},"author":7,"featured_media":0,"parent":5155,"menu_order":0,"comment_status":"closed","ping_status":"closed","template":"","meta":{"inline_featured_image":false,"_uag_custom_page_level_css":"","footnotes":""},"class_list":["post-5167","page","type-page","status-publish","hentry"],"uagb_featured_image_src":{"full":false,"thumbnail":false,"medium":false,"medium_large":false,"large":false,"1536x1536":false,"2048x2048":false},"uagb_author_info":{"display_name":"jasmin","author_link":false},"uagb_comment_info":0,"uagb_excerpt":"Ad-hoc releases and mandatory publications 2022","_links":{"self":[{"href":"https:\/\/enapterag.de\/en\/wp-json\/wp\/v2\/pages\/5167","targetHints":{"allow":["GET"]}}],"collection":[{"href":"https:\/\/enapterag.de\/en\/wp-json\/wp\/v2\/pages"}],"about":[{"href":"https:\/\/enapterag.de\/en\/wp-json\/wp\/v2\/types\/page"}],"author":[{"embeddable":true,"href":"https:\/\/enapterag.de\/en\/wp-json\/wp\/v2\/users\/7"}],"replies":[{"embeddable":true,"href":"https:\/\/enapterag.de\/en\/wp-json\/wp\/v2\/comments?post=5167"}],"version-history":[{"count":4,"href":"https:\/\/enapterag.de\/en\/wp-json\/wp\/v2\/pages\/5167\/revisions"}],"predecessor-version":[{"id":5186,"href":"https:\/\/enapterag.de\/en\/wp-json\/wp\/v2\/pages\/5167\/revisions\/5186"}],"up":[{"embeddable":true,"href":"https:\/\/enapterag.de\/en\/wp-json\/wp\/v2\/pages\/5155"}],"wp:attachment":[{"href":"https:\/\/enapterag.de\/en\/wp-json\/wp\/v2\/media?parent=5167"}],"curies":[{"name":"wp","href":"https:\/\/api.w.org\/{rel}","templated":true}]}}