{"id":3604,"date":"2023-04-17T11:55:25","date_gmt":"2023-04-17T11:55:25","guid":{"rendered":"https:\/\/enapterag.de\/whistle-blower\/"},"modified":"2023-08-09T08:09:05","modified_gmt":"2023-08-09T08:09:05","slug":"hinweisgebersystem","status":"publish","type":"page","link":"https:\/\/enapterag.de\/en\/hinweisgebersystem\/","title":{"rendered":"Whistleblower system"},"content":{"rendered":"\n<div class=\"wp-block-uagb-container uagb-block-b3e9d3e4 alignfull uagb-is-root-container\"><div class=\"uagb-container-inner-blocks-wrap\">\n<div class=\"wp-block-uagb-advanced-heading uagb-block-45edab15\"><h4 class=\"uagb-heading-text\">Whistleblower system of Enapter AG<\/h4><\/div>\n\n\n\n<p>Do you have knowledge or even a suspicion of malpractice or legal violations at Enapter AG? Then please let us know. By doing so, you protect and support us all. We will treat your data confidentially; if you wish, you can remain anonymous. We follow up all information carefully and responsibly.<\/p>\n<\/div><\/div>\n\n\n\n<div class=\"wp-block-uagb-container uagb-block-0c02303d alignfull uagb-is-root-container\"><div class=\"uagb-container-inner-blocks-wrap\">\n<div class=\"wp-block-uagb-advanced-heading uagb-block-ae1c1f3f\"><h5 class=\"uagb-heading-text\">Questions and answers<\/h5><\/div>\n<\/div><\/div>\n\n\n\n<div class=\"wp-block-uagb-container uagb-block-1ae6b794 alignfull uagb-is-root-container\"><div class=\"uagb-container-inner-blocks-wrap\">\n<div class=\"wp-block-uagb-faq uagb-faq__outer-wrap uagb-block-287e4ea3 uagb-faq-icon-row-reverse uagb-faq-layout-accordion uagb-faq-expand-first-false uagb-faq-inactive-other-true uagb-faq__wrap uagb-buttons-layout-wrap uagb-faq-equal-height\" data-faqtoggle=\"false\" role=\"tablist\">\n<div class=\"wp-block-uagb-faq-child uagb-faq-child__outer-wrap uagb-faq-item uagb-block-05eb1ed1\" role=\"tab\" tabindex=\"0\"><div class=\"uagb-faq-questions-button uagb-faq-questions\"><span class=\"uagb-icon uagb-faq-icon-wrap\"><svg xmlns=\"https:\/\/www.w3.org\/2000\/svg\" viewBox=\"0 0 448 512\"><path d=\"M432 256c0 17.69-14.33 32.01-32 32.01H256v144c0 17.69-14.33 31.99-32 31.99s-32-14.3-32-31.99v-144H48c-17.67 0-32-14.32-32-32.01s14.33-31.99 32-31.99H192v-144c0-17.69 14.33-32.01 32-32.01s32 14.32 32 32.01v144h144C417.7 224 432 238.3 432 256z\"><\/path><\/svg><\/span><span class=\"uagb-icon-active uagb-faq-icon-wrap\"><svg xmlns=\"https:\/\/www.w3.org\/2000\/svg\" viewBox=\"0 0 448 512\"><path d=\"M400 288h-352c-17.69 0-32-14.32-32-32.01s14.31-31.99 32-31.99h352c17.69 0 32 14.3 32 31.99S417.7 288 400 288z\"><\/path><\/svg><\/span><span class=\"uagb-question\">What can I report?<\/span><\/div><p class=\"uagb-faq-content\">You can help us if you have indications that employees of Enapter AG or other persons are acting contrary to the interests of our company or otherwise improperly, and report this. This includes serious compliance violations and criminal offences such as corruption and fraud, theft and embezzlement, coercion and mobbing, but also other breaches of rules such as discrimination, abuse of power or environmental or human rights-related risks and other breaches of duty. Even imminent or planned violations may and should be reported. Mere suspicions can also be reported. Even if these subsequently turn out to be unfounded, the whistleblower is not facing any disadvantages.<br>However, the whistleblower system is not suitable for complaints or for reporting emergencies!<\/p><\/div>\n\n\n\n<div class=\"wp-block-uagb-faq-child uagb-faq-child__outer-wrap uagb-faq-item uagb-block-b0da7cc7\" role=\"tab\" tabindex=\"0\"><div class=\"uagb-faq-questions-button uagb-faq-questions\"><span class=\"uagb-icon uagb-faq-icon-wrap\"><svg xmlns=\"https:\/\/www.w3.org\/2000\/svg\" viewBox=\"0 0 448 512\"><path d=\"M432 256c0 17.69-14.33 32.01-32 32.01H256v144c0 17.69-14.33 31.99-32 31.99s-32-14.3-32-31.99v-144H48c-17.67 0-32-14.32-32-32.01s14.33-31.99 32-31.99H192v-144c0-17.69 14.33-32.01 32-32.01s32 14.32 32 32.01v144h144C417.7 224 432 238.3 432 256z\"><\/path><\/svg><\/span><span class=\"uagb-icon-active uagb-faq-icon-wrap\"><svg xmlns=\"https:\/\/www.w3.org\/2000\/svg\" viewBox=\"0 0 448 512\"><path d=\"M400 288h-352c-17.69 0-32-14.32-32-32.01s14.31-31.99 32-31.99h352c17.69 0 32 14.3 32 31.99S417.7 288 400 288z\"><\/path><\/svg><\/span><span class=\"uagb-question\">How can I submit a report?<\/span><\/div><p class=\"uagb-faq-content\">We have commissioned the law firm Heuking K\u00fchn L\u00fcer Wojtek to receive and process tips. The law firm performs the tasks of an internal Reporting Office for Enapter AG.<br>Various reporting channels are available to you: You can submit your report in person, by telephone, by e-mail, by letter, by web form (<a href=\"https:\/\/whistlefox.heuking.de\/start\/enapter-ag\">German<\/a>,\u00a0<a href=\"https:\/\/whistlefox.heuking.de\/start\/enapter-ag\/en\">English<\/a>) or by fax using the following contact details.<br><br>Dr. Andr\u00e9-M. Szesny, LL.M.<br>Heuking K\u00fchn L\u00fcer Wojtek PartmbB<br>Georg-Glock-Glock-Stra\u00dfe 4<br>40474 D\u00fcsseldorf<br>Germany<br><br>phone +49 211 600 55-217<br>fax +49 211 600 55-210<br><br>email <a href=\"mailto:enapter-wb@heuking.de\">enapter-wb@heuking.de<\/a><br><br>Web form (<a href=\"https:\/\/whistlefox.heuking.de\/start\/enapter-ag\">deutsch<\/a>, <a href=\"https:\/\/whistlefox.heuking.de\/start\/enapter-ag\/en\">englisch<\/a>)<\/p><\/div>\n\n\n\n<div class=\"wp-block-uagb-faq-child uagb-faq-child__outer-wrap uagb-faq-item uagb-block-4453e7c3\" role=\"tab\" tabindex=\"0\"><div class=\"uagb-faq-questions-button uagb-faq-questions\"><span class=\"uagb-icon uagb-faq-icon-wrap\"><svg xmlns=\"https:\/\/www.w3.org\/2000\/svg\" viewBox=\"0 0 448 512\"><path d=\"M432 256c0 17.69-14.33 32.01-32 32.01H256v144c0 17.69-14.33 31.99-32 31.99s-32-14.3-32-31.99v-144H48c-17.67 0-32-14.32-32-32.01s14.33-31.99 32-31.99H192v-144c0-17.69 14.33-32.01 32-32.01s32 14.32 32 32.01v144h144C417.7 224 432 238.3 432 256z\"><\/path><\/svg><\/span><span class=\"uagb-icon-active uagb-faq-icon-wrap\"><svg xmlns=\"https:\/\/www.w3.org\/2000\/svg\" viewBox=\"0 0 448 512\"><path d=\"M400 288h-352c-17.69 0-32-14.32-32-32.01s14.31-31.99 32-31.99h352c17.69 0 32 14.3 32 31.99S417.7 288 400 288z\"><\/path><\/svg><\/span><span class=\"uagb-question\">How does the report work?<\/span><\/div><p class=\"uagb-faq-content\">Describe the facts of the case as precisely as possible, name the persons involved, the time and place of the incident and provide the names of possible witnesses. If possible, also send documents such as pictures, e-mails, etc. that support the suspicion.<br>You decide which data you want to provide, whether you want to remain anonymous or whether you want to be available to the persons of trust appointed by us for further questions.<br>Within seven days of receipt of your report, you will receive a confirmation of receipt of your report, provided you have left contact details. Within a further three months you will receive feedback on the further handling of your report and the measures taken, provided that this feedback does not jeopardise any internal investigations and does not affect the rights of third parties.<\/p><\/div>\n\n\n\n<div class=\"wp-block-uagb-faq-child uagb-faq-child__outer-wrap uagb-faq-item uagb-block-33c112f6\" role=\"tab\" tabindex=\"0\"><div class=\"uagb-faq-questions-button uagb-faq-questions\"><span class=\"uagb-icon uagb-faq-icon-wrap\"><svg xmlns=\"https:\/\/www.w3.org\/2000\/svg\" viewBox=\"0 0 448 512\"><path d=\"M432 256c0 17.69-14.33 32.01-32 32.01H256v144c0 17.69-14.33 31.99-32 31.99s-32-14.3-32-31.99v-144H48c-17.67 0-32-14.32-32-32.01s14.33-31.99 32-31.99H192v-144c0-17.69 14.33-32.01 32-32.01s32 14.32 32 32.01v144h144C417.7 224 432 238.3 432 256z\"><\/path><\/svg><\/span><span class=\"uagb-icon-active uagb-faq-icon-wrap\"><svg xmlns=\"https:\/\/www.w3.org\/2000\/svg\" viewBox=\"0 0 448 512\"><path d=\"M400 288h-352c-17.69 0-32-14.32-32-32.01s14.31-31.99 32-31.99h352c17.69 0 32 14.3 32 31.99S417.7 288 400 288z\"><\/path><\/svg><\/span><span class=\"uagb-question\">How is my data protected?<\/span><\/div><p class=\"uagb-faq-content\">All personal data will be treated confidentially. If you wish, you may even submit your report anonymously.<br>The whistleblower system complies with the relevant legal regulations. All reports are received by trusted lawyers and processed responsibly before they are forwarded to the responsible office of Enapter AG.<br>The documentation of your report to Enapter AG will be deleted no later than three years after the conclusion of the proceedings.<\/p><\/div>\n\n\n\n<div class=\"wp-block-uagb-faq-child uagb-faq-child__outer-wrap uagb-faq-item uagb-block-b1c47147\" role=\"tab\" tabindex=\"0\"><div class=\"uagb-faq-questions-button uagb-faq-questions\"><span class=\"uagb-icon uagb-faq-icon-wrap\"><svg xmlns=\"https:\/\/www.w3.org\/2000\/svg\" viewBox=\"0 0 448 512\"><path d=\"M432 256c0 17.69-14.33 32.01-32 32.01H256v144c0 17.69-14.33 31.99-32 31.99s-32-14.3-32-31.99v-144H48c-17.67 0-32-14.32-32-32.01s14.33-31.99 32-31.99H192v-144c0-17.69 14.33-32.01 32-32.01s32 14.32 32 32.01v144h144C417.7 224 432 238.3 432 256z\"><\/path><\/svg><\/span><span class=\"uagb-icon-active uagb-faq-icon-wrap\"><svg xmlns=\"https:\/\/www.w3.org\/2000\/svg\" viewBox=\"0 0 448 512\"><path d=\"M400 288h-352c-17.69 0-32-14.32-32-32.01s14.31-31.99 32-31.99h352c17.69 0 32 14.3 32 31.99S417.7 288 400 288z\"><\/path><\/svg><\/span><span class=\"uagb-question\">Am I at risk of disadvantages if I give a tip to the internal reporting office?<\/span><\/div><p class=\"uagb-faq-content\">Whistleblowers are subject to protection under labour law if, at the time of reporting to the internal reporting office, they have sufficient reason to believe that the information they reported was true. In addition, the report must concern a matter that is subject to the Whistleblower Protection Act, i.e. in particular criminal offences or serious administrative offences. They must not suffer any disadvantages under labour law. This also applies if a reported suspicion subsequently turns out to be unfounded.<\/p><\/div>\n\n\n\n<div class=\"wp-block-uagb-faq-child uagb-faq-child__outer-wrap uagb-faq-item uagb-block-b20b3425\" role=\"tab\" tabindex=\"0\"><div class=\"uagb-faq-questions-button uagb-faq-questions\"><span class=\"uagb-icon uagb-faq-icon-wrap\"><svg xmlns=\"https:\/\/www.w3.org\/2000\/svg\" viewBox=\"0 0 448 512\"><path d=\"M432 256c0 17.69-14.33 32.01-32 32.01H256v144c0 17.69-14.33 31.99-32 31.99s-32-14.3-32-31.99v-144H48c-17.67 0-32-14.32-32-32.01s14.33-31.99 32-31.99H192v-144c0-17.69 14.33-32.01 32-32.01s32 14.32 32 32.01v144h144C417.7 224 432 238.3 432 256z\"><\/path><\/svg><\/span><span class=\"uagb-icon-active uagb-faq-icon-wrap\"><svg xmlns=\"https:\/\/www.w3.org\/2000\/svg\" viewBox=\"0 0 448 512\"><path d=\"M400 288h-352c-17.69 0-32-14.32-32-32.01s14.31-31.99 32-31.99h352c17.69 0 32 14.3 32 31.99S417.7 288 400 288z\"><\/path><\/svg><\/span><span class=\"uagb-question\">Who can I contact if I am unsure whether I should use the whistleblower system?<\/span><\/div><p class=\"uagb-faq-content\">You can contact us by telephone or e-mail if you have any queries. In case of doubt, it makes sense to use the whistleblower system. Our trusted lawyers handle incoming reports responsibly and prudently and process them against the background of a wealth of experience.<\/p><\/div>\n<\/div>\n<\/div><\/div>\n\n\n\n<p><\/p>\n","protected":false},"excerpt":{"rendered":"<p>Whistleblower system of Enapter AG Do you have knowledge or even a suspicion of malpractice or legal violations at Enapter AG? Then please let us know. By doing so, you protect and support us all. We will treat your data confidentially; if you wish, you can remain anonymous. We follow up all information carefully and [&hellip;]<\/p>\n","protected":false},"author":2,"featured_media":0,"parent":0,"menu_order":0,"comment_status":"closed","ping_status":"closed","template":"","meta":{"inline_featured_image":false,"_uag_custom_page_level_css":"","footnotes":""},"class_list":["post-3604","page","type-page","status-publish","hentry"],"uagb_featured_image_src":{"full":false,"thumbnail":false,"medium":false,"medium_large":false,"large":false,"1536x1536":false,"2048x2048":false},"uagb_author_info":{"display_name":"Admin","author_link":false},"uagb_comment_info":0,"uagb_excerpt":"Whistleblower system of Enapter AG Do you have knowledge or even a suspicion of malpractice or legal violations at Enapter AG? Then please let us know. By doing so, you protect and support us all. We will treat your data confidentially; if you wish, you can remain anonymous. We follow up all information carefully and&hellip;","_links":{"self":[{"href":"https:\/\/enapterag.de\/en\/wp-json\/wp\/v2\/pages\/3604","targetHints":{"allow":["GET"]}}],"collection":[{"href":"https:\/\/enapterag.de\/en\/wp-json\/wp\/v2\/pages"}],"about":[{"href":"https:\/\/enapterag.de\/en\/wp-json\/wp\/v2\/types\/page"}],"author":[{"embeddable":true,"href":"https:\/\/enapterag.de\/en\/wp-json\/wp\/v2\/users\/2"}],"replies":[{"embeddable":true,"href":"https:\/\/enapterag.de\/en\/wp-json\/wp\/v2\/comments?post=3604"}],"version-history":[{"count":7,"href":"https:\/\/enapterag.de\/en\/wp-json\/wp\/v2\/pages\/3604\/revisions"}],"predecessor-version":[{"id":4947,"href":"https:\/\/enapterag.de\/en\/wp-json\/wp\/v2\/pages\/3604\/revisions\/4947"}],"wp:attachment":[{"href":"https:\/\/enapterag.de\/en\/wp-json\/wp\/v2\/media?parent=3604"}],"curies":[{"name":"wp","href":"https:\/\/api.w.org\/{rel}","templated":true}]}}